{"id":2261,"date":"2025-05-20T16:12:21","date_gmt":"2025-05-20T14:12:21","guid":{"rendered":"https:\/\/dobrodina.sk\/?page_id=2261"},"modified":"2025-05-22T13:47:12","modified_gmt":"2025-05-22T11:47:12","slug":"bitpay-test","status":"publish","type":"page","link":"http:\/\/dobrodina.sk\/de\/bitpay-test\/","title":{"rendered":"bitpay-test"},"content":{"rendered":"\t\t<div data-elementor-type=\"wp-page\" data-elementor-id=\"2261\" class=\"elementor elementor-2261\">\n\t\t\t\t<div class=\"elementor-element elementor-element-19ea364 e-flex e-con-boxed e-con e-parent\" data-id=\"19ea364\" data-element_type=\"container\" data-e-type=\"container\">\n\t\t\t\t\t<div class=\"e-con-inner\">\n\t\t\t\t<div class=\"elementor-element elementor-element-c968813 elementor-widget elementor-widget-html\" data-id=\"c968813\" data-element_type=\"widget\" data-e-type=\"widget\" data-widget_type=\"html.default\">\n\t\t\t\t<div class=\"elementor-widget-container\">\n\t\t\t\t\t<style>\n  .bitpay-donate { margin:20px 0;}\n  .bitpay-donate fieldset {border:0;}\n  .bitpay-donate .field-input { color: #666;background: #fff;border: 1px solid #eee;height: 30px;box-sizing: border-box;flex-grow: 1;}\n  .bitpay-donate .field-input-wrapper { display: inline-flex;float: none;width: 80%; }\n  .bitpay-donate input {padding:4px 10px;}\n  .bitpay-donate select {padding:3px 10px;}\n  .bitpay-donate .bitpay-donate-button {padding:12px 0;width: 188px;box-sizing: border-box;}\n  .bitpay-donate ul, .bitpay-donate li {padding:0;margin:0;list-style:none;}\n  .bitpay-donate li {padding:10px 0;}\n  .bitpay-donate-field {clear:both;}\n  .bitpay-donate-field label {float:left;width:100px;}\n  .bitpay-donate-field div {float:left;}\n  .bitpay-donate-field-email {width:80%;}\n  .bitpay-donate-field-price {width:40%;}\n  .bitpay-donate-field-currency {width:40%;}\n  .bitpay-donate-button-wrapper {clear:both;margin:auto;text-align:center;}\n  input.bitpay-donate-error {border:2px solid red;}\n  <\/style>\n  <form class=\"bitpay-donate\" action=\"https:\/\/bitpay.com\/checkout\" method=\"post\" onsubmit=\"return checkRequiredFields(this);\">\n    <input name=\"action\" type=\"hidden\" value=\"checkout\">\n    <fieldset>\n      <ul>\n        <li class=\"bitpay-donate-field\">\n          <label>Email:<\/label>\n          <input class=\"bitpay-donate-field-email field-input\" name=\"buyerEmail\" type=\"email\" placeholder=\"Email address (optional)\" maxlength=50 autocapitalize=off autocorrect=off><br>\n        <\/li>\n        <li class=\"bitpay-donate-field\">\n          <label>Amount:<\/label>\n          <div class=\"field-input-wrapper\">\n            <input class=\"bitpay-donate-field-price field-input\" name=\"price\" type=\"number\" value=\"10.00\" placeholder=\"Amount\" maxlength=\"10\" min=\"0.000006\" step=\"1e-8\"\/>\n            <select class=\"bitpay-donate-field-currency field-input\" name=\"currency\" value=\"\">\n              <option selected=\"selected\" value=\"USD\">USD<\/option>\n              <option value=\"BTC\">BTC<\/option>\n              <option value=\"EUR\">EUR<\/option>\n              <option value=\"GBP\">GBP<\/option>\n              <option value=\"AUD\">AUD<\/option>\n              <option value=\"BGN\">BGN<\/option>\n              <option value=\"BRL\">BRL<\/option>\n              <option value=\"CAD\">CAD<\/option>\n              <option value=\"CHF\">CHF<\/option>\n              <option value=\"CNY\">CNY<\/option>\n              <option value=\"CZK\">CZK<\/option>\n              <option value=\"DKK\">DKK<\/option>\n              <option value=\"HKD\">HKD<\/option>\n              <option value=\"HRK\">HRK<\/option>\n              <option value=\"HUF\">HUF<\/option>\n              <option value=\"IDR\">IDR<\/option>\n              <option value=\"ILS\">ILS<\/option>\n              <option value=\"INR\">INR<\/option>\n              <option value=\"JPY\">JPY<\/option>\n              <option value=\"KRW\">KRW<\/option>\n              <option value=\"LTL\">LTL<\/option>\n              <option value=\"LVL\">LVL<\/option>\n              <option value=\"MXN\">MXN<\/option>\n              <option value=\"MYR\">MYR<\/option>\n              <option value=\"NOK\">NOK<\/option>\n              <option value=\"NZD\">NZD<\/option>\n              <option value=\"PHP\">PHP<\/option>\n              <option value=\"PLN\">PLN<\/option>\n              <option value=\"RON\">RON<\/option>\n              <option value=\"RUB\">RUB<\/option>\n              <option value=\"SEK\">SEK<\/option>\n              <option value=\"SGD\">SGD<\/option>\n              <option value=\"THB\">THB<\/option>\n              <option value=\"TRY\">TRY<\/option>\n              <option value=\"ZAR\">ZAR<\/option>\n            <\/select>\n          <div>\n        <\/li>\n      <\/ul>\n      <input type=\"hidden\" name=\"data\" value=\"DDsxJllkJJM2vUmuYmL5VhtWzwBXBRPpFOCGDRoW8+xBsEW0eSb0ejkIh83tamqVD+O5OWHff1QhvF6T7EDvq7H5ByLTBbcedw6MNUldujx9pRRffYZcww3CLokx3+kPtl7Hp9o9ZCp2o14R52CcDPyw0nV6NzI7s2T28RRM15f1+c98xrpP1e03B\/r5gl0ddGn+gtLWpQ2UyozUELjAy0Bj5NgDoUIH6O1gVHh9zRZduOag9BEzEDiD\/k32YySK7lhdo2AnHDq1VYK4y0aHiDuXT5qt\/0H6cz8l89GroxI=\"> \n      <div class=\"bitpay-donate-button-wrapper\">\n        <input class=\"bitpay-donate-button\" name=\"submit\" src=\"https:\/\/bitpay.com\/cdn\/en_US\/bp-btn-donate-currencies.svg\" onerror=\"this.onerror=null; this.src='https:\/\/bitpay.com\/cdn\/en_US\/bp-btn-donate-currencies.svg'\" type=\"image\" alt=\"BitPay, the easy way to pay with bitcoins.\">\n      <\/div>\n    <\/fieldset>\n  <\/form>\n  <script type=\"text\/javascript\">\n  function checkRequiredFields(form){\n    var elements = form.elements;\n    var invalid = false;\n    for(var i=0; i<elements.length; i++) {\n      elements[i].className = elements[i].className.replace('bitpay-donate-error', '');\n      if (elements[i].className.indexOf(\"required\") !== -1 && elements[i].value.length < 1) {\n        elements[i].className = elements[i].className + ' bitpay-donate-error';\n        invalid = true;\n      };\n    }\n    if (invalid) { return false; }\n    var donationElement = document.getElementById('donation-value');\n    if(donationElement){\n      var enteredDonation = Number(donationElement.value);\n      var maximumDonation = Number(document.getElementById('reference-maximum').value);\n      if(enteredDonation > maximumDonation){ \n        alert(\"Your donation was larger than the allowed maximum of \" + Number(maximumDonation).toFixed(2))\n        return false;\n      };\n    };\n    var buyerEmailField = document.querySelector('[name=\"buyerEmail\"]');\n    var orderIdField = document.querySelector('[name=\"orderID\"]');\n    if (buyerEmailField && orderIdField) {\n      orderIdField.value = buyerEmailField.value;\n    }\n    return true;\n  };\n  <\/script>\t\t\t\t<\/div>\n\t\t\t\t<\/div>\n\t\t\t\t\t<\/div>\n\t\t\t\t<\/div>\n\t\t\t\t<\/div>\n\t\t","protected":false},"excerpt":{"rendered":"<p>E-Mail: Betrag: USDBTCEURGBPAUDBGNBRLCADCHFCNYCZKDKKHKDHRKHUFIDRILSINRJPYKRWLTLVLMXNMYRNOKNZDPHPPLNRONRUBSEKSGDTHBTRYZAR<\/p>","protected":false},"author":4,"featured_media":0,"parent":0,"menu_order":0,"comment_status":"closed","ping_status":"closed","template":"","meta":{"footnotes":""},"class_list":["post-2261","page","type-page","status-publish","hentry"],"yoast_head":"<!-- This site is optimized with the Yoast SEO plugin v27.5 - https:\/\/yoast.com\/product\/yoast-seo-wordpress\/ -->\n<title>bitpay-test - Dobrodina.sk<\/title>\n<meta name=\"robots\" content=\"index, follow, max-snippet:-1, max-image-preview:large, max-video-preview:-1\" \/>\n<link rel=\"canonical\" href=\"https:\/\/dobrodina.sk\/de\/bitpay-test\/\" \/>\n<meta property=\"og:locale\" content=\"de_DE\" \/>\n<meta property=\"og:type\" content=\"article\" \/>\n<meta property=\"og:title\" content=\"bitpay-test - Dobrodina.sk\" \/>\n<meta property=\"og:description\" content=\"Email: Amount: USDBTCEURGBPAUDBGNBRLCADCHFCNYCZKDKKHKDHRKHUFIDRILSINRJPYKRWLTLLVLMXNMYRNOKNZDPHPPLNRONRUBSEKSGDTHBTRYZAR\" \/>\n<meta property=\"og:url\" content=\"https:\/\/dobrodina.sk\/de\/bitpay-test\/\" \/>\n<meta property=\"og:site_name\" content=\"Dobrodina.sk\" \/>\n<meta property=\"article:modified_time\" content=\"2025-05-22T11:47:12+00:00\" \/>\n<meta name=\"twitter:card\" content=\"summary_large_image\" \/>\n<meta name=\"twitter:label1\" content=\"Gesch\u00e4tzte Lesezeit\" \/>\n\t<meta name=\"twitter:data1\" content=\"1\u00a0Minute\" \/>\n<script type=\"application\/ld+json\" class=\"yoast-schema-graph\">{\"@context\":\"https:\\\/\\\/schema.org\",\"@graph\":[{\"@type\":\"WebPage\",\"@id\":\"https:\\\/\\\/dobrodina.sk\\\/de\\\/bitpay-test\\\/\",\"url\":\"https:\\\/\\\/dobrodina.sk\\\/de\\\/bitpay-test\\\/\",\"name\":\"bitpay-test - Dobrodina.sk\",\"isPartOf\":{\"@id\":\"http:\\\/\\\/dobrodina.sk\\\/#website\"},\"datePublished\":\"2025-05-20T14:12:21+00:00\",\"dateModified\":\"2025-05-22T11:47:12+00:00\",\"breadcrumb\":{\"@id\":\"https:\\\/\\\/dobrodina.sk\\\/de\\\/bitpay-test\\\/#breadcrumb\"},\"inLanguage\":\"de\",\"potentialAction\":[{\"@type\":\"ReadAction\",\"target\":[\"https:\\\/\\\/dobrodina.sk\\\/de\\\/bitpay-test\\\/\"]}]},{\"@type\":\"BreadcrumbList\",\"@id\":\"https:\\\/\\\/dobrodina.sk\\\/de\\\/bitpay-test\\\/#breadcrumb\",\"itemListElement\":[{\"@type\":\"ListItem\",\"position\":1,\"name\":\"Home\",\"item\":\"http:\\\/\\\/dobrodina.sk\\\/\"},{\"@type\":\"ListItem\",\"position\":2,\"name\":\"bitpay-test\"}]},{\"@type\":\"WebSite\",\"@id\":\"http:\\\/\\\/dobrodina.sk\\\/#website\",\"url\":\"http:\\\/\\\/dobrodina.sk\\\/\",\"name\":\"Dobrodina.sk\",\"description\":\"Komunitn\u00e1 soci\u00e1lna starostivos\u0165\",\"potentialAction\":[{\"@type\":\"SearchAction\",\"target\":{\"@type\":\"EntryPoint\",\"urlTemplate\":\"http:\\\/\\\/dobrodina.sk\\\/?s={search_term_string}\"},\"query-input\":{\"@type\":\"PropertyValueSpecification\",\"valueRequired\":true,\"valueName\":\"search_term_string\"}}],\"inLanguage\":\"de\"}]}<\/script>\n<!-- \/ Yoast SEO plugin. -->","yoast_head_json":{"title":"bitpay-test - Dobrodina.sk","robots":{"index":"index","follow":"follow","max-snippet":"max-snippet:-1","max-image-preview":"max-image-preview:large","max-video-preview":"max-video-preview:-1"},"canonical":"https:\/\/dobrodina.sk\/de\/bitpay-test\/","og_locale":"de_DE","og_type":"article","og_title":"bitpay-test - Dobrodina.sk","og_description":"Email: Amount: USDBTCEURGBPAUDBGNBRLCADCHFCNYCZKDKKHKDHRKHUFIDRILSINRJPYKRWLTLLVLMXNMYRNOKNZDPHPPLNRONRUBSEKSGDTHBTRYZAR","og_url":"https:\/\/dobrodina.sk\/de\/bitpay-test\/","og_site_name":"Dobrodina.sk","article_modified_time":"2025-05-22T11:47:12+00:00","twitter_card":"summary_large_image","twitter_misc":{"Gesch\u00e4tzte Lesezeit":"1\u00a0Minute"},"schema":{"@context":"https:\/\/schema.org","@graph":[{"@type":"WebPage","@id":"https:\/\/dobrodina.sk\/de\/bitpay-test\/","url":"https:\/\/dobrodina.sk\/de\/bitpay-test\/","name":"bitpay-test - Dobrodina.sk","isPartOf":{"@id":"http:\/\/dobrodina.sk\/#website"},"datePublished":"2025-05-20T14:12:21+00:00","dateModified":"2025-05-22T11:47:12+00:00","breadcrumb":{"@id":"https:\/\/dobrodina.sk\/de\/bitpay-test\/#breadcrumb"},"inLanguage":"de","potentialAction":[{"@type":"ReadAction","target":["https:\/\/dobrodina.sk\/de\/bitpay-test\/"]}]},{"@type":"BreadcrumbList","@id":"https:\/\/dobrodina.sk\/de\/bitpay-test\/#breadcrumb","itemListElement":[{"@type":"ListItem","position":1,"name":"Home","item":"http:\/\/dobrodina.sk\/"},{"@type":"ListItem","position":2,"name":"bitpay-test"}]},{"@type":"WebSite","@id":"http:\/\/dobrodina.sk\/#website","url":"http:\/\/dobrodina.sk\/","name":"Dobrodina.sk","description":"Sozialf\u00fcrsorge der Gemeinschaft","potentialAction":[{"@type":"SearchAction","target":{"@type":"EntryPoint","urlTemplate":"http:\/\/dobrodina.sk\/?s={search_term_string}"},"query-input":{"@type":"PropertyValueSpecification","valueRequired":true,"valueName":"search_term_string"}}],"inLanguage":"de"}]}},"_links":{"self":[{"href":"http:\/\/dobrodina.sk\/de\/wp-json\/wp\/v2\/pages\/2261","targetHints":{"allow":["GET"]}}],"collection":[{"href":"http:\/\/dobrodina.sk\/de\/wp-json\/wp\/v2\/pages"}],"about":[{"href":"http:\/\/dobrodina.sk\/de\/wp-json\/wp\/v2\/types\/page"}],"author":[{"embeddable":true,"href":"http:\/\/dobrodina.sk\/de\/wp-json\/wp\/v2\/users\/4"}],"replies":[{"embeddable":true,"href":"http:\/\/dobrodina.sk\/de\/wp-json\/wp\/v2\/comments?post=2261"}],"version-history":[{"count":6,"href":"http:\/\/dobrodina.sk\/de\/wp-json\/wp\/v2\/pages\/2261\/revisions"}],"predecessor-version":[{"id":2324,"href":"http:\/\/dobrodina.sk\/de\/wp-json\/wp\/v2\/pages\/2261\/revisions\/2324"}],"wp:attachment":[{"href":"http:\/\/dobrodina.sk\/de\/wp-json\/wp\/v2\/media?parent=2261"}],"curies":[{"name":"wp","href":"https:\/\/api.w.org\/{rel}","templated":true}]}}