{"id":762,"date":"2024-10-01T15:43:44","date_gmt":"2024-10-01T13:43:44","guid":{"rendered":"https:\/\/dobrodina.sk\/?page_id=762"},"modified":"2025-02-20T10:04:11","modified_gmt":"2025-02-20T09:04:11","slug":"vereinbarung","status":"publish","type":"page","link":"http:\/\/dobrodina.sk\/de\/vereinbarung\/","title":{"rendered":"Zustimmung"},"content":{"rendered":"<div data-elementor-type=\"wp-page\" data-elementor-id=\"762\" class=\"elementor elementor-762\">\n\t\t\t\t\t\t<section class=\"elementor-section elementor-top-section elementor-element elementor-element-3e4522c elementor-section-boxed elementor-section-height-default elementor-section-height-default\" data-id=\"3e4522c\" data-element_type=\"section\" data-e-type=\"section\">\n\t\t\t\t\t\t<div class=\"elementor-container elementor-column-gap-default\">\n\t\t\t\t\t<div class=\"elementor-column elementor-col-50 elementor-top-column elementor-element elementor-element-b55756e\" data-id=\"b55756e\" data-element_type=\"column\" data-e-type=\"column\">\n\t\t\t<div class=\"elementor-widget-wrap elementor-element-populated\">\n\t\t\t\t\t\t<div class=\"elementor-element elementor-element-c5556c9 elementor-widget elementor-widget-image\" data-id=\"c5556c9\" data-element_type=\"widget\" data-e-type=\"widget\" data-widget_type=\"image.default\">\n\t\t\t\t<div class=\"elementor-widget-container\">\n\t\t\t\t\t\t\t\t\t\t\t\t\t\t\t\t<a href=\"https:\/\/dobrodina.sk\/de\/\">\n\t\t\t\t\t\t\t<img decoding=\"async\" width=\"1\" height=\"1\" src=\"http:\/\/dobrodina.sk\/wp-content\/uploads\/2024\/07\/Logo-Dobrodina-claim-BW-cropped.svg\" class=\"attachment-2048x2048 size-2048x2048 wp-image-11\" alt=\"\" \/>\t\t\t\t\t\t\t\t<\/a>\n\t\t\t\t\t\t\t\t\t\t\t\t\t\t\t<\/div>\n\t\t\t\t<\/div>\n\t\t\t\t\t<\/div>\n\t\t<\/div>\n\t\t\t\t<div class=\"elementor-column elementor-col-50 elementor-top-column elementor-element elementor-element-697eae3\" data-id=\"697eae3\" data-element_type=\"column\" data-e-type=\"column\" data-settings=\"{&quot;background_background&quot;:&quot;classic&quot;}\">\n\t\t\t<div class=\"elementor-widget-wrap elementor-element-populated\">\n\t\t\t\t\t<div class=\"elementor-background-overlay\"><\/div>\n\t\t\t\t\t\t<div class=\"elementor-element elementor-element-9016987 elementor-widget elementor-widget-spacer\" data-id=\"9016987\" data-element_type=\"widget\" data-e-type=\"widget\" data-widget_type=\"spacer.default\">\n\t\t\t\t<div class=\"elementor-widget-container\">\n\t\t\t\t\t\t\t<div class=\"elementor-spacer\">\n\t\t\t<div class=\"elementor-spacer-inner\"><\/div>\n\t\t<\/div>\n\t\t\t\t\t\t<\/div>\n\t\t\t\t<\/div>\n\t\t\t\t\t<\/div>\n\t\t<\/div>\n\t\t\t\t\t<\/div>\n\t\t<\/section>\n\t\t<div class=\"elementor-element elementor-element-854ec20 e-flex e-con-boxed e-con e-parent\" data-id=\"854ec20\" data-element_type=\"container\" data-e-type=\"container\">\n\t\t\t\t\t<div class=\"e-con-inner\">\n\t\t\t\t<div class=\"elementor-element elementor-element-ad23837 elementor-widget elementor-widget-icon-box\" data-id=\"ad23837\" data-element_type=\"widget\" data-e-type=\"widget\" data-widget_type=\"icon-box.default\">\n\t\t\t\t<div class=\"elementor-widget-container\">\n\t\t\t\t\t\t\t<div class=\"elementor-icon-box-wrapper\">\n\n\t\t\t\n\t\t\t\t\t\t<div class=\"elementor-icon-box-content\">\n\n\t\t\t\t\t\t\t\t\t<h1 class=\"elementor-icon-box-title\">\n\t\t\t\t\t\t<a href=\"https:\/\/dobrodina.sk\/de\/dienstleistungen\/\" >\n\t\t\t\t\t\t\tEINWILLIGUNG IN DIE VERARBEITUNG PERSONENBEZOGENER DATEN\t\t\t\t\t\t<\/a>\n\t\t\t\t\t<\/h1>\n\t\t\t\t\n\t\t\t\t\n\t\t\t<\/div>\n\t\t\t\n\t\t<\/div>\n\t\t\t\t\t\t<\/div>\n\t\t\t\t<\/div>\n\t\t\t\t<div class=\"elementor-element elementor-element-fff93d1 elementor-widget elementor-widget-text-editor\" data-id=\"fff93d1\" data-element_type=\"widget\" data-e-type=\"widget\" data-widget_type=\"text-editor.default\">\n\t\t\t\t<div class=\"elementor-widget-container\">\n\t\t\t\t\t\t\t\t\t<p>Indem ich meinen Vornamen, meinen Nachnamen und meine E-Mail-Adresse eingebe und auf die Schaltfl\u00e4che \"ABONNIEREN\" dr\u00fccke, erteile ich dem Betreiber meine Zustimmung: Zweckbau FAMILY, eingetragener Sitz: S\u00fa\u013eovsk\u00e1 2670\/2, 821 05 Bratislava, ID: 53465156 (im Folgenden als \"<strong>Betreiber<\/strong>\") willige ich in die Verarbeitung meiner personenbezogenen Daten im Rahmen meiner E-Mail-Adresse zum Zwecke der Zusendung eines Newsletters ein, in dem Benachrichtigungen \u00fcber Neuigkeiten und interessante Ereignisse im Rahmen der T\u00e4tigkeit des Betreibers an meine E-Mail-Adresse versandt werden\".<\/p><p>Die Zustimmung zur Verarbeitung personenbezogener Daten wird f\u00fcr einen Zeitraum von 5 Jahren ab dem Datum der Erteilung oder bis zum Widerruf der Zustimmung erteilt. Die personenbezogenen Daten werden anschlie\u00dfend nach Ablauf der Aufbewahrungsfrist gem\u00e4\u00df dem Gesetz Nr. 395\/2002 Slg. \u00fcber Archive und Register gel\u00f6scht.<\/p><p>Ich erkenne ausdr\u00fccklich an, dass die Bereitstellung von personenbezogenen Daten an den f\u00fcr die Verarbeitung Verantwortlichen freiwillig ist. Ich kann meine Einwilligung zur Verarbeitung meiner personenbezogenen Daten jederzeit widerrufen, wobei der Widerruf der Einwilligung die Rechtm\u00e4\u00dfigkeit der Verarbeitung meiner personenbezogenen Daten vor dem Widerruf der Einwilligung nicht ber\u00fchrt.<\/p><p>Sie k\u00f6nnen den Newsletter jederzeit abbestellen (den Link zum Abbestellen finden Sie am Ende jedes Newsletters) oder Sie k\u00f6nnen uns direkt auf eine der unten aufgef\u00fchrten Arten kontaktieren:<\/p><ul><li>per E-Mail an: info@dobrodina.sk<\/li><li>per Post an die Adresse der eigens daf\u00fcr eingerichteten Einrichtung RODINA, S\u00fa\u013eovsk\u00e1 2670\/2, 821 05 Bratislava.<\/li><\/ul><p>Ich best\u00e4tige, dass ich die folgenden Informationen gelesen und verstanden habe, bevor ich meine Zustimmung gebe <strong><u>Datenschutzbestimmungen<\/u><\/strong>.<\/p><p>Mit der obigen Einwilligung best\u00e4tige ich au\u00dferdem, dass ich \u00fcber 16 Jahre alt bin. Wenn ich 16 Jahre alt oder j\u00fcnger bin, best\u00e4tige ich, dass mein gesetzlicher Vertreter (z. B. Elternteil, Adoptivelternteil) meine Zustimmung erteilt hat.<\/p>\t\t\t\t\t\t\t\t<\/div>\n\t\t\t\t<\/div>\n\t\t\t\t\t<\/div>\n\t\t\t\t<\/div>\n\t\t\t\t<\/div>","protected":false},"excerpt":{"rendered":"<p>ZUSTIMMUNG ZUR VERARBEITUNG PERSONENBEZOGENER DATEN Indem ich meinen Vor- und Nachnamen und meine E-Mail-Adresse eingebe und auf die Schaltfl\u00e4che \"ABONNIEREN\" dr\u00fccke, erteile ich dem Betreiber meine Zustimmung: Zweckbau FAMILY, eingetragener Sitz: S\u00fa\u013eovsk\u00e1 2670\/2, 821 05 Bratislava, ID-Nr.: 53465156 (im Folgenden \"der f\u00fcr die Verarbeitung Verantwortliche\" genannt) die Einwilligung zur Verarbeitung meiner personenbezogenen Daten im Rahmen meiner E-Mail-Adresse zum Zwecke der Zusendung eines Newsletters, in dem Benachrichtigungen \u00fcber Neuigkeiten und interessante Veranstaltungen an meine E-Mail-Adresse gesendet werden ... <a href=\"http:\/\/dobrodina.sk\/de\/vereinbarung\/\" class=\"more-link\"><span class=\"screen-reader-text\">\"Einverst\u00e4ndnis\"<\/span> weiterlesen<\/a><\/p>","protected":false},"author":1,"featured_media":0,"parent":0,"menu_order":0,"comment_status":"closed","ping_status":"closed","template":"elementor_canvas","meta":{"footnotes":""},"class_list":["post-762","page","type-page","status-publish","hentry"],"yoast_head":"<!-- This site is optimized with the Yoast SEO plugin v27.5 - https:\/\/yoast.com\/product\/yoast-seo-wordpress\/ -->\n<title>S\u00fahlas - Dobrodina.sk<\/title>\n<meta name=\"robots\" content=\"index, follow, max-snippet:-1, max-image-preview:large, max-video-preview:-1\" \/>\n<link rel=\"canonical\" href=\"https:\/\/dobrodina.sk\/de\/vereinbarung\/\" \/>\n<meta property=\"og:locale\" content=\"de_DE\" \/>\n<meta property=\"og:type\" content=\"article\" \/>\n<meta property=\"og:title\" content=\"S\u00fahlas - Dobrodina.sk\" \/>\n<meta property=\"og:description\" content=\"S\u00daHLAS SO SPRACOVAN\u00cdM OSOBN\u00ddCH \u00daDAJOV Vyplnen\u00edm krstn\u00e9ho mena, priezviska a e-mailovej adresy a\u00a0stla\u010den\u00edm tla\u010didla \u201ePRIHL\u00c1SI\u0164\u201c ude\u013eujem prev\u00e1dzkovate\u013eovi: \u00da\u010delov\u00e9 zariadenie RODINA, s\u00eddlo: S\u00fa\u013eovsk\u00e1 2670\/2, 821 05 Bratislava, I\u010cO: 53465156 (\u010falej len \u201eprev\u00e1dzkovate\u013e\u201c) s\u00fahlas so spracovan\u00edm mojich osobn\u00fdch \u00fadajov v\u00a0rozsahu e-mailovej adresy na \u00fa\u010del zasielania newslettera, v\u00a0r\u00e1mci ktor\u00e9ho mi na emailov\u00fa adresu bud\u00fa zasielan\u00e9 ozn\u00e1menia o\u00a0novink\u00e1ch a\u00a0zauj\u00edmavostiach &hellip; \u201eS\u00fahlas\u201c weiterlesen\" \/>\n<meta property=\"og:url\" content=\"https:\/\/dobrodina.sk\/de\/vereinbarung\/\" \/>\n<meta property=\"og:site_name\" content=\"Dobrodina.sk\" \/>\n<meta property=\"article:modified_time\" content=\"2025-02-20T09:04:11+00:00\" \/>\n<meta property=\"og:image\" content=\"http:\/\/dobrodina.sk\/wp-content\/uploads\/2024\/07\/Logo-Dobrodina-claim-BW-cropped.svg\" \/>\n<meta name=\"twitter:card\" content=\"summary_large_image\" \/>\n<meta name=\"twitter:label1\" content=\"Gesch\u00e4tzte Lesezeit\" \/>\n\t<meta name=\"twitter:data1\" content=\"2\u00a0Minuten\" \/>\n<script type=\"application\/ld+json\" class=\"yoast-schema-graph\">{\"@context\":\"https:\\\/\\\/schema.org\",\"@graph\":[{\"@type\":\"WebPage\",\"@id\":\"https:\\\/\\\/dobrodina.sk\\\/de\\\/vereinbarung\\\/\",\"url\":\"https:\\\/\\\/dobrodina.sk\\\/de\\\/vereinbarung\\\/\",\"name\":\"S\u00fahlas - Dobrodina.sk\",\"isPartOf\":{\"@id\":\"http:\\\/\\\/dobrodina.sk\\\/#website\"},\"primaryImageOfPage\":{\"@id\":\"https:\\\/\\\/dobrodina.sk\\\/de\\\/vereinbarung\\\/#primaryimage\"},\"image\":{\"@id\":\"https:\\\/\\\/dobrodina.sk\\\/de\\\/vereinbarung\\\/#primaryimage\"},\"thumbnailUrl\":\"http:\\\/\\\/dobrodina.sk\\\/wp-content\\\/uploads\\\/2024\\\/07\\\/Logo-Dobrodina-claim-BW-cropped.svg\",\"datePublished\":\"2024-10-01T13:43:44+00:00\",\"dateModified\":\"2025-02-20T09:04:11+00:00\",\"breadcrumb\":{\"@id\":\"https:\\\/\\\/dobrodina.sk\\\/de\\\/vereinbarung\\\/#breadcrumb\"},\"inLanguage\":\"de\",\"potentialAction\":[{\"@type\":\"ReadAction\",\"target\":[\"https:\\\/\\\/dobrodina.sk\\\/de\\\/vereinbarung\\\/\"]}]},{\"@type\":\"ImageObject\",\"inLanguage\":\"de\",\"@id\":\"https:\\\/\\\/dobrodina.sk\\\/de\\\/vereinbarung\\\/#primaryimage\",\"url\":\"http:\\\/\\\/dobrodina.sk\\\/wp-content\\\/uploads\\\/2024\\\/07\\\/Logo-Dobrodina-claim-BW-cropped.svg\",\"contentUrl\":\"http:\\\/\\\/dobrodina.sk\\\/wp-content\\\/uploads\\\/2024\\\/07\\\/Logo-Dobrodina-claim-BW-cropped.svg\"},{\"@type\":\"BreadcrumbList\",\"@id\":\"https:\\\/\\\/dobrodina.sk\\\/de\\\/vereinbarung\\\/#breadcrumb\",\"itemListElement\":[{\"@type\":\"ListItem\",\"position\":1,\"name\":\"Home\",\"item\":\"http:\\\/\\\/dobrodina.sk\\\/\"},{\"@type\":\"ListItem\",\"position\":2,\"name\":\"S\u00fahlas\"}]},{\"@type\":\"WebSite\",\"@id\":\"http:\\\/\\\/dobrodina.sk\\\/#website\",\"url\":\"http:\\\/\\\/dobrodina.sk\\\/\",\"name\":\"Dobrodina.sk\",\"description\":\"Komunitn\u00e1 soci\u00e1lna starostivos\u0165\",\"potentialAction\":[{\"@type\":\"SearchAction\",\"target\":{\"@type\":\"EntryPoint\",\"urlTemplate\":\"http:\\\/\\\/dobrodina.sk\\\/?s={search_term_string}\"},\"query-input\":{\"@type\":\"PropertyValueSpecification\",\"valueRequired\":true,\"valueName\":\"search_term_string\"}}],\"inLanguage\":\"de\"}]}<\/script>\n<!-- \/ Yoast SEO plugin. -->","yoast_head_json":{"title":"Einverst\u00e4ndnis - Dobrodina.sk","robots":{"index":"index","follow":"follow","max-snippet":"max-snippet:-1","max-image-preview":"max-image-preview:large","max-video-preview":"max-video-preview:-1"},"canonical":"https:\/\/dobrodina.sk\/de\/vereinbarung\/","og_locale":"de_DE","og_type":"article","og_title":"S\u00fahlas - Dobrodina.sk","og_description":"S\u00daHLAS SO SPRACOVAN\u00cdM OSOBN\u00ddCH \u00daDAJOV Vyplnen\u00edm krstn\u00e9ho mena, priezviska a e-mailovej adresy a\u00a0stla\u010den\u00edm tla\u010didla \u201ePRIHL\u00c1SI\u0164\u201c ude\u013eujem prev\u00e1dzkovate\u013eovi: \u00da\u010delov\u00e9 zariadenie RODINA, s\u00eddlo: S\u00fa\u013eovsk\u00e1 2670\/2, 821 05 Bratislava, I\u010cO: 53465156 (\u010falej len \u201eprev\u00e1dzkovate\u013e\u201c) s\u00fahlas so spracovan\u00edm mojich osobn\u00fdch \u00fadajov v\u00a0rozsahu e-mailovej adresy na \u00fa\u010del zasielania newslettera, v\u00a0r\u00e1mci ktor\u00e9ho mi na emailov\u00fa adresu bud\u00fa zasielan\u00e9 ozn\u00e1menia o\u00a0novink\u00e1ch a\u00a0zauj\u00edmavostiach &hellip; \u201eS\u00fahlas\u201c weiterlesen","og_url":"https:\/\/dobrodina.sk\/de\/vereinbarung\/","og_site_name":"Dobrodina.sk","article_modified_time":"2025-02-20T09:04:11+00:00","og_image":[{"url":"http:\/\/dobrodina.sk\/wp-content\/uploads\/2024\/07\/Logo-Dobrodina-claim-BW-cropped.svg","type":"","width":"","height":""}],"twitter_card":"summary_large_image","twitter_misc":{"Gesch\u00e4tzte Lesezeit":"2\u00a0Minuten"},"schema":{"@context":"https:\/\/schema.org","@graph":[{"@type":"WebPage","@id":"https:\/\/dobrodina.sk\/de\/vereinbarung\/","url":"https:\/\/dobrodina.sk\/de\/vereinbarung\/","name":"Einverst\u00e4ndnis - Dobrodina.sk","isPartOf":{"@id":"http:\/\/dobrodina.sk\/#website"},"primaryImageOfPage":{"@id":"https:\/\/dobrodina.sk\/de\/vereinbarung\/#primaryimage"},"image":{"@id":"https:\/\/dobrodina.sk\/de\/vereinbarung\/#primaryimage"},"thumbnailUrl":"http:\/\/dobrodina.sk\/wp-content\/uploads\/2024\/07\/Logo-Dobrodina-claim-BW-cropped.svg","datePublished":"2024-10-01T13:43:44+00:00","dateModified":"2025-02-20T09:04:11+00:00","breadcrumb":{"@id":"https:\/\/dobrodina.sk\/de\/vereinbarung\/#breadcrumb"},"inLanguage":"de","potentialAction":[{"@type":"ReadAction","target":["https:\/\/dobrodina.sk\/de\/vereinbarung\/"]}]},{"@type":"ImageObject","inLanguage":"de","@id":"https:\/\/dobrodina.sk\/de\/vereinbarung\/#primaryimage","url":"http:\/\/dobrodina.sk\/wp-content\/uploads\/2024\/07\/Logo-Dobrodina-claim-BW-cropped.svg","contentUrl":"http:\/\/dobrodina.sk\/wp-content\/uploads\/2024\/07\/Logo-Dobrodina-claim-BW-cropped.svg"},{"@type":"BreadcrumbList","@id":"https:\/\/dobrodina.sk\/de\/vereinbarung\/#breadcrumb","itemListElement":[{"@type":"ListItem","position":1,"name":"Home","item":"http:\/\/dobrodina.sk\/"},{"@type":"ListItem","position":2,"name":"S\u00fahlas"}]},{"@type":"WebSite","@id":"http:\/\/dobrodina.sk\/#website","url":"http:\/\/dobrodina.sk\/","name":"Dobrodina.sk","description":"Sozialf\u00fcrsorge der Gemeinschaft","potentialAction":[{"@type":"SearchAction","target":{"@type":"EntryPoint","urlTemplate":"http:\/\/dobrodina.sk\/?s={search_term_string}"},"query-input":{"@type":"PropertyValueSpecification","valueRequired":true,"valueName":"search_term_string"}}],"inLanguage":"de"}]}},"_links":{"self":[{"href":"http:\/\/dobrodina.sk\/de\/wp-json\/wp\/v2\/pages\/762","targetHints":{"allow":["GET"]}}],"collection":[{"href":"http:\/\/dobrodina.sk\/de\/wp-json\/wp\/v2\/pages"}],"about":[{"href":"http:\/\/dobrodina.sk\/de\/wp-json\/wp\/v2\/types\/page"}],"author":[{"embeddable":true,"href":"http:\/\/dobrodina.sk\/de\/wp-json\/wp\/v2\/users\/1"}],"replies":[{"embeddable":true,"href":"http:\/\/dobrodina.sk\/de\/wp-json\/wp\/v2\/comments?post=762"}],"version-history":[{"count":6,"href":"http:\/\/dobrodina.sk\/de\/wp-json\/wp\/v2\/pages\/762\/revisions"}],"predecessor-version":[{"id":1905,"href":"http:\/\/dobrodina.sk\/de\/wp-json\/wp\/v2\/pages\/762\/revisions\/1905"}],"wp:attachment":[{"href":"http:\/\/dobrodina.sk\/de\/wp-json\/wp\/v2\/media?parent=762"}],"curies":[{"name":"wp","href":"https:\/\/api.w.org\/{rel}","templated":true}]}}