{"id":762,"date":"2024-10-01T15:43:44","date_gmt":"2024-10-01T13:43:44","guid":{"rendered":"https:\/\/dobrodina.sk\/?page_id=762"},"modified":"2025-02-20T10:04:11","modified_gmt":"2025-02-20T09:04:11","slug":"agreement","status":"publish","type":"page","link":"http:\/\/dobrodina.sk\/en\/agreement\/","title":{"rendered":"Consent"},"content":{"rendered":"<div data-elementor-type=\"wp-page\" data-elementor-id=\"762\" class=\"elementor elementor-762\">\n\t\t\t\t\t\t<section class=\"elementor-section elementor-top-section elementor-element elementor-element-3e4522c elementor-section-boxed elementor-section-height-default elementor-section-height-default\" data-id=\"3e4522c\" data-element_type=\"section\" data-e-type=\"section\">\n\t\t\t\t\t\t<div class=\"elementor-container elementor-column-gap-default\">\n\t\t\t\t\t<div class=\"elementor-column elementor-col-50 elementor-top-column elementor-element elementor-element-b55756e\" data-id=\"b55756e\" data-element_type=\"column\" data-e-type=\"column\">\n\t\t\t<div class=\"elementor-widget-wrap elementor-element-populated\">\n\t\t\t\t\t\t<div class=\"elementor-element elementor-element-c5556c9 elementor-widget elementor-widget-image\" data-id=\"c5556c9\" data-element_type=\"widget\" data-e-type=\"widget\" data-widget_type=\"image.default\">\n\t\t\t\t<div class=\"elementor-widget-container\">\n\t\t\t\t\t\t\t\t\t\t\t\t\t\t\t\t<a href=\"https:\/\/dobrodina.sk\/en\/\">\n\t\t\t\t\t\t\t<img decoding=\"async\" width=\"1\" height=\"1\" src=\"http:\/\/dobrodina.sk\/wp-content\/uploads\/2024\/07\/Logo-Dobrodina-claim-BW-cropped.svg\" class=\"attachment-2048x2048 size-2048x2048 wp-image-11\" alt=\"\" \/>\t\t\t\t\t\t\t\t<\/a>\n\t\t\t\t\t\t\t\t\t\t\t\t\t\t\t<\/div>\n\t\t\t\t<\/div>\n\t\t\t\t\t<\/div>\n\t\t<\/div>\n\t\t\t\t<div class=\"elementor-column elementor-col-50 elementor-top-column elementor-element elementor-element-697eae3\" data-id=\"697eae3\" data-element_type=\"column\" data-e-type=\"column\" data-settings=\"{&quot;background_background&quot;:&quot;classic&quot;}\">\n\t\t\t<div class=\"elementor-widget-wrap elementor-element-populated\">\n\t\t\t\t\t<div class=\"elementor-background-overlay\"><\/div>\n\t\t\t\t\t\t<div class=\"elementor-element elementor-element-9016987 elementor-widget elementor-widget-spacer\" data-id=\"9016987\" data-element_type=\"widget\" data-e-type=\"widget\" data-widget_type=\"spacer.default\">\n\t\t\t\t<div class=\"elementor-widget-container\">\n\t\t\t\t\t\t\t<div class=\"elementor-spacer\">\n\t\t\t<div class=\"elementor-spacer-inner\"><\/div>\n\t\t<\/div>\n\t\t\t\t\t\t<\/div>\n\t\t\t\t<\/div>\n\t\t\t\t\t<\/div>\n\t\t<\/div>\n\t\t\t\t\t<\/div>\n\t\t<\/section>\n\t\t<div class=\"elementor-element elementor-element-854ec20 e-flex e-con-boxed e-con e-parent\" data-id=\"854ec20\" data-element_type=\"container\" data-e-type=\"container\">\n\t\t\t\t\t<div class=\"e-con-inner\">\n\t\t\t\t<div class=\"elementor-element elementor-element-ad23837 elementor-widget elementor-widget-icon-box\" data-id=\"ad23837\" data-element_type=\"widget\" data-e-type=\"widget\" data-widget_type=\"icon-box.default\">\n\t\t\t\t<div class=\"elementor-widget-container\">\n\t\t\t\t\t\t\t<div class=\"elementor-icon-box-wrapper\">\n\n\t\t\t\n\t\t\t\t\t\t<div class=\"elementor-icon-box-content\">\n\n\t\t\t\t\t\t\t\t\t<h1 class=\"elementor-icon-box-title\">\n\t\t\t\t\t\t<a href=\"https:\/\/dobrodina.sk\/en\/services\/\" >\n\t\t\t\t\t\t\tCONSENT TO THE PROCESSING OF PERSONAL DATA\t\t\t\t\t\t<\/a>\n\t\t\t\t\t<\/h1>\n\t\t\t\t\n\t\t\t\t\n\t\t\t<\/div>\n\t\t\t\n\t\t<\/div>\n\t\t\t\t\t\t<\/div>\n\t\t\t\t<\/div>\n\t\t\t\t<div class=\"elementor-element elementor-element-fff93d1 elementor-widget elementor-widget-text-editor\" data-id=\"fff93d1\" data-element_type=\"widget\" data-e-type=\"widget\" data-widget_type=\"text-editor.default\">\n\t\t\t\t<div class=\"elementor-widget-container\">\n\t\t\t\t\t\t\t\t\t<p>By filling in my first name, last name and email address and pressing the \"SUBSCRIBE\" button, I grant the operator: Purpose-built facility FAMILY, registered office: S\u00fa\u013eovsk\u00e1 2670\/2, 821 05 Bratislava, ID: 53465156 (hereinafter referred to as \"<strong>operator<\/strong>\") consent to the processing of my personal data within the scope of my e-mail address for the purpose of sending a newsletter, in which notifications about news and interesting events within the scope of the operator's activities will be sent to my e-mail address.'<\/p><p>Consent to the processing of personal data is granted for a period of 5 years from the date of its granting or until the consent is withdrawn. The personal data will subsequently be deleted after the expiry of the storage period in accordance with Act No. 395\/2002 Coll. on archives and registers.<\/p><p>I specifically acknowledge that the provision of personal data to the controller is voluntary. I may withdraw my consent to the processing of my personal data at any time, but the withdrawal of consent shall not affect the lawfulness of the processing of my personal data prior to the withdrawal of consent.<\/p><p>You can unsubscribe at any time (unsubscribe link can be found at the end of each newsletter) or you can contact us directly in one of the ways listed below:<\/p><ul><li>by e-mail to: info@dobrodina.sk<\/li><li>by post to the address of the purpose-built facility RODINA, S\u00fa\u013eovsk\u00e1 2670\/2, 821 05 Bratislava.<\/li><\/ul><p>I confirm that I have read and understood the following before giving my consent <strong><u>Privacy Policy<\/u><\/strong>.<\/p><p>By giving the above consent, I also confirm that I am over 16 years of age. If I am 16 years of age or younger, I confirm that my consent has been approved by my legal guardian (e.g. parent, adoptive parent).<\/p>\t\t\t\t\t\t\t\t<\/div>\n\t\t\t\t<\/div>\n\t\t\t\t\t<\/div>\n\t\t\t\t<\/div>\n\t\t\t\t<\/div>","protected":false},"excerpt":{"rendered":"<p>CONSENT TO THE PROCESSING OF PERSONAL DATA By filling in my first name, surname and e-mail address and pressing the \"SUBSCRIBE\" button, I grant the operator: Purpose-built facility FAMILY, registered office: S\u00fa\u013eovsk\u00e1 2670\/2, 821 05 Bratislava, ID No.: 53465156 (hereinafter referred to as the \"controller\") consent to the processing of my personal data in the scope of my e-mail address for the purpose of sending a newsletter, in which notifications about news and interesting events will be sent to my e-mail address ... <a href=\"http:\/\/dobrodina.sk\/en\/agreement\/\" class=\"more-link\">Continue reading<span class=\"screen-reader-text\"> \"Consent\"<\/span><\/a><\/p>","protected":false},"author":1,"featured_media":0,"parent":0,"menu_order":0,"comment_status":"closed","ping_status":"closed","template":"elementor_canvas","meta":{"footnotes":""},"class_list":["post-762","page","type-page","status-publish","hentry"],"yoast_head":"<!-- This site is optimized with the Yoast SEO plugin v27.5 - https:\/\/yoast.com\/product\/yoast-seo-wordpress\/ -->\n<title>S\u00fahlas - Dobrodina.sk<\/title>\n<meta name=\"robots\" content=\"index, follow, max-snippet:-1, max-image-preview:large, max-video-preview:-1\" \/>\n<link rel=\"canonical\" href=\"https:\/\/dobrodina.sk\/en\/agreement\/\" \/>\n<meta property=\"og:locale\" content=\"en_US\" \/>\n<meta property=\"og:type\" content=\"article\" \/>\n<meta property=\"og:title\" content=\"S\u00fahlas - Dobrodina.sk\" \/>\n<meta property=\"og:description\" content=\"S\u00daHLAS SO SPRACOVAN\u00cdM OSOBN\u00ddCH \u00daDAJOV Vyplnen\u00edm krstn\u00e9ho mena, priezviska a e-mailovej adresy a\u00a0stla\u010den\u00edm tla\u010didla \u201ePRIHL\u00c1SI\u0164\u201c ude\u013eujem prev\u00e1dzkovate\u013eovi: \u00da\u010delov\u00e9 zariadenie RODINA, s\u00eddlo: S\u00fa\u013eovsk\u00e1 2670\/2, 821 05 Bratislava, I\u010cO: 53465156 (\u010falej len \u201eprev\u00e1dzkovate\u013e\u201c) s\u00fahlas so spracovan\u00edm mojich osobn\u00fdch \u00fadajov v\u00a0rozsahu e-mailovej adresy na \u00fa\u010del zasielania newslettera, v\u00a0r\u00e1mci ktor\u00e9ho mi na emailov\u00fa adresu bud\u00fa zasielan\u00e9 ozn\u00e1menia o\u00a0novink\u00e1ch a\u00a0zauj\u00edmavostiach &hellip; Continue reading &quot;S\u00fahlas&quot;\" \/>\n<meta property=\"og:url\" content=\"https:\/\/dobrodina.sk\/en\/agreement\/\" \/>\n<meta property=\"og:site_name\" content=\"Dobrodina.sk\" \/>\n<meta property=\"article:modified_time\" content=\"2025-02-20T09:04:11+00:00\" \/>\n<meta property=\"og:image\" content=\"http:\/\/dobrodina.sk\/wp-content\/uploads\/2024\/07\/Logo-Dobrodina-claim-BW-cropped.svg\" \/>\n<meta name=\"twitter:card\" content=\"summary_large_image\" \/>\n<meta name=\"twitter:label1\" content=\"Est. reading time\" \/>\n\t<meta name=\"twitter:data1\" content=\"2 minutes\" \/>\n<script type=\"application\/ld+json\" class=\"yoast-schema-graph\">{\"@context\":\"https:\\\/\\\/schema.org\",\"@graph\":[{\"@type\":\"WebPage\",\"@id\":\"https:\\\/\\\/dobrodina.sk\\\/de\\\/vereinbarung\\\/\",\"url\":\"https:\\\/\\\/dobrodina.sk\\\/de\\\/vereinbarung\\\/\",\"name\":\"S\u00fahlas - Dobrodina.sk\",\"isPartOf\":{\"@id\":\"http:\\\/\\\/dobrodina.sk\\\/#website\"},\"primaryImageOfPage\":{\"@id\":\"https:\\\/\\\/dobrodina.sk\\\/de\\\/vereinbarung\\\/#primaryimage\"},\"image\":{\"@id\":\"https:\\\/\\\/dobrodina.sk\\\/de\\\/vereinbarung\\\/#primaryimage\"},\"thumbnailUrl\":\"http:\\\/\\\/dobrodina.sk\\\/wp-content\\\/uploads\\\/2024\\\/07\\\/Logo-Dobrodina-claim-BW-cropped.svg\",\"datePublished\":\"2024-10-01T13:43:44+00:00\",\"dateModified\":\"2025-02-20T09:04:11+00:00\",\"breadcrumb\":{\"@id\":\"https:\\\/\\\/dobrodina.sk\\\/de\\\/vereinbarung\\\/#breadcrumb\"},\"inLanguage\":\"en-US\",\"potentialAction\":[{\"@type\":\"ReadAction\",\"target\":[\"https:\\\/\\\/dobrodina.sk\\\/de\\\/vereinbarung\\\/\"]}]},{\"@type\":\"ImageObject\",\"inLanguage\":\"en-US\",\"@id\":\"https:\\\/\\\/dobrodina.sk\\\/de\\\/vereinbarung\\\/#primaryimage\",\"url\":\"http:\\\/\\\/dobrodina.sk\\\/wp-content\\\/uploads\\\/2024\\\/07\\\/Logo-Dobrodina-claim-BW-cropped.svg\",\"contentUrl\":\"http:\\\/\\\/dobrodina.sk\\\/wp-content\\\/uploads\\\/2024\\\/07\\\/Logo-Dobrodina-claim-BW-cropped.svg\"},{\"@type\":\"BreadcrumbList\",\"@id\":\"https:\\\/\\\/dobrodina.sk\\\/de\\\/vereinbarung\\\/#breadcrumb\",\"itemListElement\":[{\"@type\":\"ListItem\",\"position\":1,\"name\":\"Home\",\"item\":\"http:\\\/\\\/dobrodina.sk\\\/\"},{\"@type\":\"ListItem\",\"position\":2,\"name\":\"S\u00fahlas\"}]},{\"@type\":\"WebSite\",\"@id\":\"http:\\\/\\\/dobrodina.sk\\\/#website\",\"url\":\"http:\\\/\\\/dobrodina.sk\\\/\",\"name\":\"Dobrodina.sk\",\"description\":\"Komunitn\u00e1 soci\u00e1lna starostivos\u0165\",\"potentialAction\":[{\"@type\":\"SearchAction\",\"target\":{\"@type\":\"EntryPoint\",\"urlTemplate\":\"http:\\\/\\\/dobrodina.sk\\\/?s={search_term_string}\"},\"query-input\":{\"@type\":\"PropertyValueSpecification\",\"valueRequired\":true,\"valueName\":\"search_term_string\"}}],\"inLanguage\":\"en-US\"}]}<\/script>\n<!-- \/ Yoast SEO plugin. -->","yoast_head_json":{"title":"Consent - Dobrodina.sk","robots":{"index":"index","follow":"follow","max-snippet":"max-snippet:-1","max-image-preview":"max-image-preview:large","max-video-preview":"max-video-preview:-1"},"canonical":"https:\/\/dobrodina.sk\/en\/agreement\/","og_locale":"en_US","og_type":"article","og_title":"S\u00fahlas - Dobrodina.sk","og_description":"S\u00daHLAS SO SPRACOVAN\u00cdM OSOBN\u00ddCH \u00daDAJOV Vyplnen\u00edm krstn\u00e9ho mena, priezviska a e-mailovej adresy a\u00a0stla\u010den\u00edm tla\u010didla \u201ePRIHL\u00c1SI\u0164\u201c ude\u013eujem prev\u00e1dzkovate\u013eovi: \u00da\u010delov\u00e9 zariadenie RODINA, s\u00eddlo: S\u00fa\u013eovsk\u00e1 2670\/2, 821 05 Bratislava, I\u010cO: 53465156 (\u010falej len \u201eprev\u00e1dzkovate\u013e\u201c) s\u00fahlas so spracovan\u00edm mojich osobn\u00fdch \u00fadajov v\u00a0rozsahu e-mailovej adresy na \u00fa\u010del zasielania newslettera, v\u00a0r\u00e1mci ktor\u00e9ho mi na emailov\u00fa adresu bud\u00fa zasielan\u00e9 ozn\u00e1menia o\u00a0novink\u00e1ch a\u00a0zauj\u00edmavostiach &hellip; Continue reading \"S\u00fahlas\"","og_url":"https:\/\/dobrodina.sk\/en\/agreement\/","og_site_name":"Dobrodina.sk","article_modified_time":"2025-02-20T09:04:11+00:00","og_image":[{"url":"http:\/\/dobrodina.sk\/wp-content\/uploads\/2024\/07\/Logo-Dobrodina-claim-BW-cropped.svg","type":"","width":"","height":""}],"twitter_card":"summary_large_image","twitter_misc":{"Est. reading time":"2 minutes"},"schema":{"@context":"https:\/\/schema.org","@graph":[{"@type":"WebPage","@id":"https:\/\/dobrodina.sk\/de\/vereinbarung\/","url":"https:\/\/dobrodina.sk\/de\/vereinbarung\/","name":"Consent - Dobrodina.sk","isPartOf":{"@id":"http:\/\/dobrodina.sk\/#website"},"primaryImageOfPage":{"@id":"https:\/\/dobrodina.sk\/de\/vereinbarung\/#primaryimage"},"image":{"@id":"https:\/\/dobrodina.sk\/de\/vereinbarung\/#primaryimage"},"thumbnailUrl":"http:\/\/dobrodina.sk\/wp-content\/uploads\/2024\/07\/Logo-Dobrodina-claim-BW-cropped.svg","datePublished":"2024-10-01T13:43:44+00:00","dateModified":"2025-02-20T09:04:11+00:00","breadcrumb":{"@id":"https:\/\/dobrodina.sk\/de\/vereinbarung\/#breadcrumb"},"inLanguage":"en-US","potentialAction":[{"@type":"ReadAction","target":["https:\/\/dobrodina.sk\/de\/vereinbarung\/"]}]},{"@type":"ImageObject","inLanguage":"en-US","@id":"https:\/\/dobrodina.sk\/de\/vereinbarung\/#primaryimage","url":"http:\/\/dobrodina.sk\/wp-content\/uploads\/2024\/07\/Logo-Dobrodina-claim-BW-cropped.svg","contentUrl":"http:\/\/dobrodina.sk\/wp-content\/uploads\/2024\/07\/Logo-Dobrodina-claim-BW-cropped.svg"},{"@type":"BreadcrumbList","@id":"https:\/\/dobrodina.sk\/de\/vereinbarung\/#breadcrumb","itemListElement":[{"@type":"ListItem","position":1,"name":"Home","item":"http:\/\/dobrodina.sk\/"},{"@type":"ListItem","position":2,"name":"S\u00fahlas"}]},{"@type":"WebSite","@id":"http:\/\/dobrodina.sk\/#website","url":"http:\/\/dobrodina.sk\/","name":"Dobrodina.sk","description":"Community social care","potentialAction":[{"@type":"SearchAction","target":{"@type":"EntryPoint","urlTemplate":"http:\/\/dobrodina.sk\/?s={search_term_string}"},"query-input":{"@type":"PropertyValueSpecification","valueRequired":true,"valueName":"search_term_string"}}],"inLanguage":"en-US"}]}},"_links":{"self":[{"href":"http:\/\/dobrodina.sk\/en\/wp-json\/wp\/v2\/pages\/762","targetHints":{"allow":["GET"]}}],"collection":[{"href":"http:\/\/dobrodina.sk\/en\/wp-json\/wp\/v2\/pages"}],"about":[{"href":"http:\/\/dobrodina.sk\/en\/wp-json\/wp\/v2\/types\/page"}],"author":[{"embeddable":true,"href":"http:\/\/dobrodina.sk\/en\/wp-json\/wp\/v2\/users\/1"}],"replies":[{"embeddable":true,"href":"http:\/\/dobrodina.sk\/en\/wp-json\/wp\/v2\/comments?post=762"}],"version-history":[{"count":6,"href":"http:\/\/dobrodina.sk\/en\/wp-json\/wp\/v2\/pages\/762\/revisions"}],"predecessor-version":[{"id":1905,"href":"http:\/\/dobrodina.sk\/en\/wp-json\/wp\/v2\/pages\/762\/revisions\/1905"}],"wp:attachment":[{"href":"http:\/\/dobrodina.sk\/en\/wp-json\/wp\/v2\/media?parent=762"}],"curies":[{"name":"wp","href":"https:\/\/api.w.org\/{rel}","templated":true}]}}