{"id":730,"date":"2024-09-30T22:16:04","date_gmt":"2024-09-30T20:16:04","guid":{"rendered":"https:\/\/dobrodina.sk\/?page_id=730"},"modified":"2025-02-27T09:37:25","modified_gmt":"2025-02-27T08:37:25","slug":"gdpr","status":"publish","type":"page","link":"https:\/\/dobrodina.sk\/de\/gdpr\/","title":{"rendered":"GDPR"},"content":{"rendered":"<div data-elementor-type=\"wp-page\" data-elementor-id=\"730\" class=\"elementor elementor-730\">\n\t\t\t\t\t\t<section class=\"elementor-section elementor-top-section elementor-element elementor-element-3e4522c elementor-section-boxed elementor-section-height-default elementor-section-height-default\" data-id=\"3e4522c\" data-element_type=\"section\" data-e-type=\"section\">\n\t\t\t\t\t\t<div class=\"elementor-container elementor-column-gap-default\">\n\t\t\t\t\t<div class=\"elementor-column elementor-col-50 elementor-top-column elementor-element elementor-element-b55756e\" data-id=\"b55756e\" data-element_type=\"column\" data-e-type=\"column\">\n\t\t\t<div class=\"elementor-widget-wrap elementor-element-populated\">\n\t\t\t\t\t\t<div class=\"elementor-element elementor-element-c5556c9 elementor-widget elementor-widget-image\" data-id=\"c5556c9\" data-element_type=\"widget\" data-e-type=\"widget\" data-widget_type=\"image.default\">\n\t\t\t\t<div class=\"elementor-widget-container\">\n\t\t\t\t\t\t\t\t\t\t\t\t\t\t\t\t<a href=\"https:\/\/dobrodina.sk\/de\/\">\n\t\t\t\t\t\t\t<img decoding=\"async\" width=\"1\" height=\"1\" src=\"https:\/\/dobrodina.sk\/wp-content\/uploads\/2024\/07\/Logo-Dobrodina-claim-BW-cropped.svg\" class=\"attachment-2048x2048 size-2048x2048 wp-image-11\" alt=\"\" \/>\t\t\t\t\t\t\t\t<\/a>\n\t\t\t\t\t\t\t\t\t\t\t\t\t\t\t<\/div>\n\t\t\t\t<\/div>\n\t\t\t\t\t<\/div>\n\t\t<\/div>\n\t\t\t\t<div class=\"elementor-column elementor-col-50 elementor-top-column elementor-element elementor-element-697eae3\" data-id=\"697eae3\" data-element_type=\"column\" data-e-type=\"column\" data-settings=\"{&quot;background_background&quot;:&quot;classic&quot;}\">\n\t\t\t<div class=\"elementor-widget-wrap elementor-element-populated\">\n\t\t\t\t\t<div class=\"elementor-background-overlay\"><\/div>\n\t\t\t\t\t\t<div class=\"elementor-element elementor-element-9016987 elementor-widget elementor-widget-spacer\" data-id=\"9016987\" data-element_type=\"widget\" data-e-type=\"widget\" data-widget_type=\"spacer.default\">\n\t\t\t\t<div class=\"elementor-widget-container\">\n\t\t\t\t\t\t\t<div class=\"elementor-spacer\">\n\t\t\t<div class=\"elementor-spacer-inner\"><\/div>\n\t\t<\/div>\n\t\t\t\t\t\t<\/div>\n\t\t\t\t<\/div>\n\t\t\t\t\t<\/div>\n\t\t<\/div>\n\t\t\t\t\t<\/div>\n\t\t<\/section>\n\t\t<div class=\"elementor-element elementor-element-854ec20 e-flex e-con-boxed e-con e-parent\" data-id=\"854ec20\" data-element_type=\"container\" data-e-type=\"container\">\n\t\t\t\t\t<div class=\"e-con-inner\">\n\t\t\t\t<div class=\"elementor-element elementor-element-ad23837 elementor-widget elementor-widget-icon-box\" data-id=\"ad23837\" data-element_type=\"widget\" data-e-type=\"widget\" data-widget_type=\"icon-box.default\">\n\t\t\t\t<div class=\"elementor-widget-container\">\n\t\t\t\t\t\t\t<div class=\"elementor-icon-box-wrapper\">\n\n\t\t\t\n\t\t\t\t\t\t<div class=\"elementor-icon-box-content\">\n\n\t\t\t\t\t\t\t\t\t<h1 class=\"elementor-icon-box-title\">\n\t\t\t\t\t\t<a href=\"https:\/\/dobrodina.sk\/de\/dienstleistungen\/\" >\n\t\t\t\t\t\t\tRichtlinie zum Schutz personenbezogener Daten\t\t\t\t\t\t<\/a>\n\t\t\t\t\t<\/h1>\n\t\t\t\t\n\t\t\t\t\t\t\t\t\t<p class=\"elementor-icon-box-description\">\n\t\t\t\t\t\tDiese Informationen beziehen sich auf die Verarbeitung personenbezogener Daten beim Versand des Newsletters.\t\t\t\t\t<\/p>\n\t\t\t\t\n\t\t\t<\/div>\n\t\t\t\n\t\t<\/div>\n\t\t\t\t\t\t<\/div>\n\t\t\t\t<\/div>\n\t\t\t\t<div class=\"elementor-element elementor-element-fff93d1 elementor-widget elementor-widget-text-editor\" data-id=\"fff93d1\" data-element_type=\"widget\" data-e-type=\"widget\" data-widget_type=\"text-editor.default\">\n\t\t\t\t<div class=\"elementor-widget-container\">\n\t\t\t\t\t\t\t\t\t<p><strong>1. wer sind wir?<\/strong><\/p><p>Der f\u00fcr die Verarbeitung Ihrer personenbezogenen Daten Verantwortliche ist die zweckgebundene Einrichtung FAMILY mit Sitz in: S\u00fa\u013eovsk\u00e1 2670\/2, 821 05 Bratislava, ID-Nr.: 53465156 (im Folgenden als \"f\u00fcr die Verarbeitung Verantwortlicher\" oder \"wir\" bezeichnet).<\/p><p>Bei der Verarbeitung Ihrer personenbezogenen Daten unterliegen wir der Verordnung (EU) 2016\/679 des Europ\u00e4ischen Parlaments und des Rates vom 27. April 2016 zum Schutz nat\u00fcrlicher Personen bei der Verarbeitung personenbezogener Daten, zum freien Datenverkehr und zur Aufhebung der Richtlinie 95\/46\/EG (Datenschutz-Grundverordnung), im Folgenden \"DSGVO\" genannt, sowie den einschl\u00e4gigen Bestimmungen des Gesetzes Nr. 18\/2018 Slg. \u00fcber den Schutz personenbezogener Daten und zur \u00c4nderung bestimmter Gesetze (im Folgenden \"DSG\" genannt), die f\u00fcr uns gelten.<\/p><p><strong>2. Wie k\u00f6nnen Sie uns kontaktieren?<\/strong><\/p><p>Sie k\u00f6nnen Ihre Rechte per E-Mail oder per Post geltend machen: <br \/>- E-Mail: info@dobrodina.sk<br \/>- Postanschrift: die zweckbestimmte Einrichtung RODINA, Sulovsk\u00e1 2670\/2, 821 05 Bratislava.<\/p><p>Wenn Sie Fragen haben, k\u00f6nnen Sie uns unter der Telefonnummer +421 903 311 822 erreichen.<\/p><p><strong>3. Warum verarbeiten wir personenbezogene Daten (d. h. f\u00fcr welche Zwecke) und auf welcher Rechtsgrundlage?<\/strong><\/p><p>Wir verarbeiten Ihre personenbezogenen Daten, um Ihnen einen Newsletter (d. h. Benachrichtigungen \u00fcber Neuigkeiten und interessante Ereignisse im Rahmen unserer Aktivit\u00e4ten) zuzusenden, nachdem Sie ihn abonniert haben. Die Rechtsgrundlage f\u00fcr die Verarbeitung Ihrer personenbezogenen Daten ist Artikel 6 Absatz 1 Buchstabe a DSGVO, d. h. die betroffene Person hat in die Verarbeitung ihrer personenbezogenen Daten f\u00fcr einen oder mehrere bestimmte Zwecke eingewilligt.<\/p><p>In der Folge verarbeiten wir Ihre personenbezogenen Daten zum Zweck der Registerf\u00fchrung gem\u00e4\u00df dem Gesetz Nr. 395\/2002 Slg. \u00fcber Archive und Register und \u00fcber die \u00c4nderung bestimmter Gesetze und dem Gesetz Nr. 452\/2021 Slg. \u00fcber elektronische Kommunikation. Die Rechtsgrundlage f\u00fcr die Verarbeitung Ihrer personenbezogenen Daten ist Artikel 6 Absatz 1 Buchstabe c) DSGVO, d. h. die Verarbeitung ist zur Erf\u00fcllung einer rechtlichen Verpflichtung des f\u00fcr die Verarbeitung Verantwortlichen erforderlich.<\/p><p><strong>4. Welche Kategorien von personenbezogenen Daten verarbeiten wir?<\/strong><\/p><p>Beim Versand des Newsletters verarbeiten wir nur die \u00fcblichen personenbezogenen Daten, n\u00e4mlich Ihren Vor- und Nachnamen sowie Ihre E-Mail-Adresse.<\/p><p><strong>5. Von wem erheben wir personenbezogene Daten?<\/strong><\/p><p>Wir erheben nur dann personenbezogene Daten von Ihnen, wenn Sie sich f\u00fcr unseren Newsletter anmelden.<\/p><p><strong>6. M\u00fcssen Sie uns personenbezogene Daten zur Verf\u00fcgung stellen?<\/strong><\/p><p>Die Angabe Ihrer pers\u00f6nlichen Daten ist freiwillig. Sie sind nicht verpflichtet, uns personenbezogene Daten zur Verf\u00fcgung zu stellen, aber in diesem Fall k\u00f6nnen wir Sie nicht \u00fcber unseren Newsletter \u00fcber unsere Aktivit\u00e4ten informieren.<\/p><p><strong>7. An wen geben wir Ihre personenbezogenen Daten weiter?<\/strong><\/p><p>Wir geben Ihre personenbezogenen Daten nur an unseren Auftragsverarbeiter weiter, der die personenbezogenen Daten in unserem Auftrag verarbeitet - ECOMAIL.CZ, s.r.o., Sitz: Na Zderaze 1275\/15, 120 00 Praha 2, Tschechische Republik, ID-Nr.: 02762943, vertreten durch: Ing. Jakub Stupka, Gesch\u00e4ftsf\u00fchrer, eingetragen im Handelsregister. Jakub Stupka, Gesch\u00e4ftsf\u00fchrer, eingetragen im Handelsregister des Stadtgerichts Prag, Aktenzeichen C 223183.<\/p><p><strong>8. \u00dcbermitteln wir personenbezogene Daten an ein Drittland oder eine internationale Organisation?<\/strong><\/p><p>Personenbezogene Daten werden an Empf\u00e4nger au\u00dferhalb der Europ\u00e4ischen Union und des Europ\u00e4ischen Wirtschaftsraums \u00fcbermittelt, n\u00e4mlich in die Vereinigten Staaten von Amerika bzw. in das Vereinigte K\u00f6nigreich. Die Verarbeitung personenbezogener Daten erfolgt in \u00dcbereinstimmung mit Beschl\u00fcssen der Europ\u00e4ischen Kommission, dass ein angemessenes Schutzniveau f\u00fcr personenbezogene Daten in einem bestimmten Drittland oder einer internationalen Organisation gew\u00e4hrleistet ist, d.h:<br \/>- EU-US-Datenschutzschild-Rahmen - Beschluss 2023\/1795 der Kommission<br \/>- Vereinigtes K\u00f6nigreich - Entscheidung der Kommission 2021\/1772.<\/p><p><strong>9. Wie lange bewahren wir personenbezogene Daten auf?<\/strong><\/p><p>Die Zustimmung zur Verarbeitung personenbezogener Daten wird f\u00fcr einen Zeitraum von 5 Jahren ab dem Datum der Erteilung oder bis zum Widerruf der Zustimmung erteilt. Die personenbezogenen Daten werden anschlie\u00dfend nach Ablauf der Aufbewahrungsfrist gem\u00e4\u00df dem Gesetz Nr. 395\/2002 Slg. \u00fcber Archive und Register gel\u00f6scht.<\/p><p><strong>10. F\u00fchren wir eine automatisierte Entscheidungsfindung, einschlie\u00dflich Profiling, durch?<\/strong><\/p><p>Wir f\u00fchren keine automatisierte Entscheidungsfindung oder Profiling durch.<\/p><p><strong>11. Welche Rechte haben Sie in Bezug auf die Verarbeitung Ihrer personenbezogenen Daten?<\/strong><\/p><p>Sie haben Rechte in Bezug auf die Verarbeitung Ihrer personenbezogenen Daten, die Sie kennen sollten. Ihre Rechte h\u00e4ngen von dem Zweck ab, f\u00fcr den wir Ihre personenbezogenen Daten verarbeiten.<\/p><p>(a) Recht auf Zugang zu personenbezogenen Daten:<\/p><p>Sie haben das Recht, von uns eine Best\u00e4tigung dar\u00fcber zu erhalten, ob wir Ihre personenbezogenen Daten verarbeiten, und wenn wir Ihre personenbezogenen Daten verarbeiten, haben Sie das Recht, gem\u00e4\u00df den Bestimmungen der Datenschutz-Grundverordnung Zugang zu ihnen zu erhalten. Wir stellen Ihnen eine Kopie der personenbezogenen Daten zur Verf\u00fcgung, die wir \u00fcber Sie verarbeiten, sofern dies nicht die Rechte und Freiheiten anderer Personen beeintr\u00e4chtigt. F\u00fcr alle weiteren Kopien, die Sie anfordern, k\u00f6nnen wir eine angemessene Geb\u00fchr erheben, die den Verwaltungskosten entspricht. Wenn Sie eine Anfrage auf elektronischem Wege stellen, werden wir Ihnen die Informationen in einem g\u00e4ngigen elektronischen Format zur Verf\u00fcgung stellen, es sei denn, Sie w\u00fcnschen eine andere Art der Bereitstellung.<\/p><p>(b) Recht auf Berichtigung:<\/p><p>Sie haben das Recht, dass wir unrichtige personenbezogene Daten, die Sie betreffen, unverz\u00fcglich berichtigen. Im Hinblick auf die Zwecke der Verarbeitung haben Sie das Recht, unvollst\u00e4ndige personenbezogene Daten vervollst\u00e4ndigen zu lassen, auch durch Abgabe einer erg\u00e4nzenden Erkl\u00e4rung.<\/p><p>(c) Recht auf L\u00f6schung (Recht auf Vergessenwerden):<\/p><p>Unter bestimmten Umst\u00e4nden haben Sie das Recht, dass wir Ihre personenbezogenen Daten unverz\u00fcglich l\u00f6schen, wenn:<br \/>- die personenbezogenen Daten f\u00fcr die Zwecke, f\u00fcr die sie erhoben oder anderweitig verarbeitet wurden, nicht mehr erforderlich sind,<br \/>- Sie Ihre Zustimmung zur Verarbeitung Ihrer personenbezogenen Daten widerrufen und es keine andere Rechtsgrundlage f\u00fcr die Verarbeitung gibt,<br \/>- Sie widersprechen der Verarbeitung personenbezogener Daten f\u00fcr Zwecke der Direktwerbung,<br \/>- die personenbezogenen Daten unrechtm\u00e4\u00dfig verarbeitet wurden,<br \/>- personenbezogene Daten gel\u00f6scht werden m\u00fcssen, um einer rechtlichen Verpflichtung nach dem Recht der Europ\u00e4ischen Union oder nach dem Recht eines Mitgliedstaats (Slowakische Republik, Tschechische Republik) nachzukommen,<br \/>- die personenbezogenen Daten in Verbindung mit dem Angebot von Diensten der Informationsgesellschaft f\u00fcr das Kind erhoben wurden (d.h. wenn die personenbezogenen Daten aufgrund der Einwilligung des Kindes im Zusammenhang mit den Diensten der Informationsgesellschaft verarbeitet wurden).<\/p><p>Das Recht auf L\u00f6schung gilt unter den in der DSGVO festgelegten Bedingungen nicht, wenn die Verarbeitung personenbezogener Daten beispielsweise erforderlich ist, um unseren rechtlichen Verpflichtungen nach dem Recht der Europ\u00e4ischen Union oder dem Recht eines Mitgliedstaats (Slowakische Republik, Tschechische Republik) nachzukommen oder um Rechtsanspr\u00fcche nachzuweisen, auszu\u00fcben oder zu verteidigen.<\/p><p>(d) Recht auf Einschr\u00e4nkung der Verarbeitung:<\/p><p>Sie haben das Recht, die Verarbeitung Ihrer personenbezogenen Daten in einem der folgenden F\u00e4lle einschr\u00e4nken zu lassen:<br \/>- w\u00e4hrend des Zeitraums, in dem wir die Richtigkeit der personenbezogenen Daten \u00fcberpr\u00fcfen, wenn Sie die Richtigkeit der personenbezogenen Daten bestritten haben, <br \/>- die Verarbeitung unrechtm\u00e4\u00dfig ist und Sie anstelle der L\u00f6schung eine Einschr\u00e4nkung der Verwendung Ihrer personenbezogenen Daten verlangen,<br \/>- wenn wir die personenbezogenen Daten f\u00fcr die Zwecke der Verarbeitung nicht mehr ben\u00f6tigen, Sie sie aber zur Feststellung, Aus\u00fcbung oder Verteidigung Ihrer Rechtsanspr\u00fcche ben\u00f6tigen,<\/p><p>Wurde die Verarbeitung personenbezogener Daten eingeschr\u00e4nkt, so d\u00fcrfen diese personenbezogenen Daten, mit Ausnahme der Speicherung, nur mit Ihrer Einwilligung oder zur Begr\u00fcndung, Aus\u00fcbung oder Verteidigung von Rechtsanspr\u00fcchen oder zum Schutz der Rechte einer anderen nat\u00fcrlichen oder juristischen Person oder aus Gr\u00fcnden eines wichtigen \u00f6ffentlichen Interesses der Europ\u00e4ischen Union oder eines Mitgliedstaats (Slowakische Republik, Tschechische Republik) verarbeitet werden.<\/p><p>(e) Recht auf Daten\u00fcbertragbarkeit:<\/p><p>Sie haben das Recht, Ihre personenbezogenen Daten in einem strukturierten, g\u00e4ngigen und maschinenlesbaren Format zu erhalten und sie an einen anderen f\u00fcr die Verarbeitung Verantwortlichen zu \u00fcbermitteln. Das Recht auf \u00dcbertragbarkeit darf die Rechte und Freiheiten anderer nicht beeintr\u00e4chtigen.<\/p><p>(f) Recht auf Widerspruch:<\/p><p>Werden personenbezogene Daten f\u00fcr Zwecke der Direktwerbung verarbeitet, so haben Sie das Recht, jederzeit Widerspruch gegen die Verarbeitung der Sie betreffenden personenbezogenen Daten zum Zwecke derartiger Werbung einzulegen; dies gilt auch f\u00fcr das Profiling, soweit es mit solcher Direktwerbung in Verbindung steht. Wenn Sie der Verarbeitung personenbezogener Daten zu Zwecken der Direktwerbung widersprechen, d\u00fcrfen wir die personenbezogenen Daten nicht mehr f\u00fcr diese Zwecke verarbeiten.<\/p><p>Im Rahmen der Nutzung von Diensten der Informationsgesellschaft und ungeachtet der Richtlinie 2002\/58\/EG k\u00f6nnen Sie Ihr Widerspruchsrecht mit Hilfe von technischen Spezifikationen automatisiert aus\u00fcben.<\/p><p>g) Recht auf Widerruf der Zustimmung zur Verarbeitung der personenbezogenen Daten:<\/p><p>Sie haben das Recht, Ihre Einwilligung jederzeit zu widerrufen, ohne dass die Rechtm\u00e4\u00dfigkeit der Verarbeitung aufgrund der vor dem Widerruf erteilten Einwilligung ber\u00fchrt wird.<\/p><p>(h) das Recht, eine Beschwerde bei der Aufsichtsbeh\u00f6rde einzureichen:<\/p><p>Sie haben das Recht, jederzeit eine Beschwerde bei einer Aufsichtsbeh\u00f6rde (dem Amt f\u00fcr den Schutz personenbezogener Daten der Slowakischen Republik oder einer Aufsichtsbeh\u00f6rde des betreffenden Mitgliedstaates) einzureichen.<\/p><p><strong>12. \u00c4nderungen der Informationspflicht<\/strong><\/p><p>Datenschutz ist f\u00fcr uns keine einmalige Angelegenheit. Die Informationen, die wir Ihnen in Bezug auf die Verarbeitung Ihrer personenbezogenen Daten zur Verf\u00fcgung stellen m\u00fcssen, k\u00f6nnen sich \u00e4ndern oder nicht mehr aktuell sein. Aus diesem Grund behalten wir uns das Recht vor, die Informationen \u00fcber die Verarbeitung personenbezogener Daten jederzeit zu modifizieren und zu \u00e4ndern. Sollten wir diese Informationen wesentlich \u00e4ndern, werden wir Sie auf diese \u00c4nderung aufmerksam machen, z. B. durch einen allgemeinen Hinweis auf unserer Website oder eine besondere Mitteilung per E-Mail.<\/p>\t\t\t\t\t\t\t\t<\/div>\n\t\t\t\t<\/div>\n\t\t\t\t\t<\/div>\n\t\t\t\t<\/div>\n\t\t\t\t<\/div>","protected":false},"excerpt":{"rendered":"<p>PRIVACY PRINCIPLES Diese Informationen gelten f\u00fcr die Verarbeitung personenbezogener Daten beim Versand des Newsletters. 1) Wer sind wir? Der f\u00fcr die Verarbeitung Ihrer personenbezogenen Daten Verantwortliche ist die zweckgebundene Einrichtung FAMILY, eingetragener Sitz: S\u00fa\u013eovsk\u00e1 2670\/2, 821 05 Bratislava, ID-Nr.: 53465156 (im Folgenden als \"Verantwortlicher\" oder \"wir\" bezeichnet). Bei der Verarbeitung Ihrer personenbezogenen Daten unterliegen wir der Verordnung (EU) 2016\/679 des Europ\u00e4ischen Parlaments und des Rates vom 27.... <a href=\"https:\/\/dobrodina.sk\/de\/gdpr\/\" class=\"more-link\"><span class=\"screen-reader-text\">\"GDPR\"<\/span> weiterlesen<\/a><\/p>","protected":false},"author":1,"featured_media":0,"parent":0,"menu_order":0,"comment_status":"closed","ping_status":"closed","template":"elementor_canvas","meta":{"footnotes":""},"class_list":["post-730","page","type-page","status-publish","hentry"],"yoast_head":"<!-- This site is optimized with the Yoast SEO plugin v27.4 - https:\/\/yoast.com\/product\/yoast-seo-wordpress\/ -->\n<title>GDPR - Dobrodina.sk<\/title>\n<meta name=\"robots\" content=\"index, follow, max-snippet:-1, max-image-preview:large, max-video-preview:-1\" \/>\n<link rel=\"canonical\" href=\"https:\/\/dobrodina.sk\/de\/gdpr\/\" \/>\n<meta property=\"og:locale\" content=\"de_DE\" \/>\n<meta property=\"og:type\" content=\"article\" \/>\n<meta property=\"og:title\" content=\"GDPR - Dobrodina.sk\" \/>\n<meta property=\"og:description\" content=\"Z\u00c1SADY OCHRANY OSOBN\u00ddCH \u00daDAJOV Tieto inform\u00e1cie sa vz\u0165ahuj\u00fa na sprac\u00favanie osobn\u00fdch \u00fadajov pri zasielan\u00ed newslettera. 1. Kto sme? Prev\u00e1dzkovate\u013eom Va\u0161ich osobn\u00fdch \u00fadajov je \u00da\u010delov\u00e9 zariadenie RODINA, s\u00eddlo: S\u00fa\u013eovsk\u00e1 2670\/2, 821 05 Bratislava, I\u010cO: 53465156 (\u010falej len \u201ePrev\u00e1dzkovate\u013e\u201c alebo \u201emy\u201c). Pri sprac\u00favan\u00ed Va\u0161ich osobn\u00fdch \u00fadajov sa riadime nariaden\u00edm Eur\u00f3pskeho parlamentu a Rady (E\u00da) 2016\/679 z 27. &hellip; \u201eGDPR\u201c weiterlesen\" \/>\n<meta property=\"og:url\" content=\"https:\/\/dobrodina.sk\/de\/gdpr\/\" \/>\n<meta property=\"og:site_name\" content=\"Dobrodina.sk\" \/>\n<meta property=\"article:modified_time\" content=\"2025-02-27T08:37:25+00:00\" \/>\n<meta property=\"og:image\" content=\"http:\/\/dobrodina.sk\/wp-content\/uploads\/2024\/07\/Logo-Dobrodina-claim-BW-cropped.svg\" \/>\n<meta name=\"twitter:card\" content=\"summary_large_image\" \/>\n<meta name=\"twitter:label1\" content=\"Gesch\u00e4tzte Lesezeit\" \/>\n\t<meta name=\"twitter:data1\" content=\"7\u00a0Minuten\" \/>\n<script type=\"application\/ld+json\" class=\"yoast-schema-graph\">{\"@context\":\"https:\\\/\\\/schema.org\",\"@graph\":[{\"@type\":\"WebPage\",\"@id\":\"https:\\\/\\\/dobrodina.sk\\\/en\\\/gdpr\\\/\",\"url\":\"https:\\\/\\\/dobrodina.sk\\\/en\\\/gdpr\\\/\",\"name\":\"GDPR - Dobrodina.sk\",\"isPartOf\":{\"@id\":\"http:\\\/\\\/dobrodina.sk\\\/#website\"},\"primaryImageOfPage\":{\"@id\":\"https:\\\/\\\/dobrodina.sk\\\/en\\\/gdpr\\\/#primaryimage\"},\"image\":{\"@id\":\"https:\\\/\\\/dobrodina.sk\\\/en\\\/gdpr\\\/#primaryimage\"},\"thumbnailUrl\":\"http:\\\/\\\/dobrodina.sk\\\/wp-content\\\/uploads\\\/2024\\\/07\\\/Logo-Dobrodina-claim-BW-cropped.svg\",\"datePublished\":\"2024-09-30T20:16:04+00:00\",\"dateModified\":\"2025-02-27T08:37:25+00:00\",\"breadcrumb\":{\"@id\":\"https:\\\/\\\/dobrodina.sk\\\/en\\\/gdpr\\\/#breadcrumb\"},\"inLanguage\":\"de\",\"potentialAction\":[{\"@type\":\"ReadAction\",\"target\":[\"https:\\\/\\\/dobrodina.sk\\\/en\\\/gdpr\\\/\"]}]},{\"@type\":\"ImageObject\",\"inLanguage\":\"de\",\"@id\":\"https:\\\/\\\/dobrodina.sk\\\/en\\\/gdpr\\\/#primaryimage\",\"url\":\"http:\\\/\\\/dobrodina.sk\\\/wp-content\\\/uploads\\\/2024\\\/07\\\/Logo-Dobrodina-claim-BW-cropped.svg\",\"contentUrl\":\"http:\\\/\\\/dobrodina.sk\\\/wp-content\\\/uploads\\\/2024\\\/07\\\/Logo-Dobrodina-claim-BW-cropped.svg\"},{\"@type\":\"BreadcrumbList\",\"@id\":\"https:\\\/\\\/dobrodina.sk\\\/en\\\/gdpr\\\/#breadcrumb\",\"itemListElement\":[{\"@type\":\"ListItem\",\"position\":1,\"name\":\"Home\",\"item\":\"http:\\\/\\\/dobrodina.sk\\\/\"},{\"@type\":\"ListItem\",\"position\":2,\"name\":\"GDPR\"}]},{\"@type\":\"WebSite\",\"@id\":\"http:\\\/\\\/dobrodina.sk\\\/#website\",\"url\":\"http:\\\/\\\/dobrodina.sk\\\/\",\"name\":\"Dobrodina.sk\",\"description\":\"Komunitn\u00e1 soci\u00e1lna starostivos\u0165\",\"potentialAction\":[{\"@type\":\"SearchAction\",\"target\":{\"@type\":\"EntryPoint\",\"urlTemplate\":\"http:\\\/\\\/dobrodina.sk\\\/?s={search_term_string}\"},\"query-input\":{\"@type\":\"PropertyValueSpecification\",\"valueRequired\":true,\"valueName\":\"search_term_string\"}}],\"inLanguage\":\"de\"}]}<\/script>\n<!-- \/ Yoast SEO plugin. -->","yoast_head_json":{"title":"GDPR - Dobrodina.sk","robots":{"index":"index","follow":"follow","max-snippet":"max-snippet:-1","max-image-preview":"max-image-preview:large","max-video-preview":"max-video-preview:-1"},"canonical":"https:\/\/dobrodina.sk\/de\/gdpr\/","og_locale":"de_DE","og_type":"article","og_title":"GDPR - Dobrodina.sk","og_description":"Z\u00c1SADY OCHRANY OSOBN\u00ddCH \u00daDAJOV Tieto inform\u00e1cie sa vz\u0165ahuj\u00fa na sprac\u00favanie osobn\u00fdch \u00fadajov pri zasielan\u00ed newslettera. 1. Kto sme? Prev\u00e1dzkovate\u013eom Va\u0161ich osobn\u00fdch \u00fadajov je \u00da\u010delov\u00e9 zariadenie RODINA, s\u00eddlo: S\u00fa\u013eovsk\u00e1 2670\/2, 821 05 Bratislava, I\u010cO: 53465156 (\u010falej len \u201ePrev\u00e1dzkovate\u013e\u201c alebo \u201emy\u201c). Pri sprac\u00favan\u00ed Va\u0161ich osobn\u00fdch \u00fadajov sa riadime nariaden\u00edm Eur\u00f3pskeho parlamentu a Rady (E\u00da) 2016\/679 z 27. &hellip; \u201eGDPR\u201c weiterlesen","og_url":"https:\/\/dobrodina.sk\/de\/gdpr\/","og_site_name":"Dobrodina.sk","article_modified_time":"2025-02-27T08:37:25+00:00","og_image":[{"url":"http:\/\/dobrodina.sk\/wp-content\/uploads\/2024\/07\/Logo-Dobrodina-claim-BW-cropped.svg","type":"","width":"","height":""}],"twitter_card":"summary_large_image","twitter_misc":{"Gesch\u00e4tzte Lesezeit":"7\u00a0Minuten"},"schema":{"@context":"https:\/\/schema.org","@graph":[{"@type":"WebPage","@id":"https:\/\/dobrodina.sk\/en\/gdpr\/","url":"https:\/\/dobrodina.sk\/en\/gdpr\/","name":"GDPR - Dobrodina.sk","isPartOf":{"@id":"http:\/\/dobrodina.sk\/#website"},"primaryImageOfPage":{"@id":"https:\/\/dobrodina.sk\/en\/gdpr\/#primaryimage"},"image":{"@id":"https:\/\/dobrodina.sk\/en\/gdpr\/#primaryimage"},"thumbnailUrl":"http:\/\/dobrodina.sk\/wp-content\/uploads\/2024\/07\/Logo-Dobrodina-claim-BW-cropped.svg","datePublished":"2024-09-30T20:16:04+00:00","dateModified":"2025-02-27T08:37:25+00:00","breadcrumb":{"@id":"https:\/\/dobrodina.sk\/en\/gdpr\/#breadcrumb"},"inLanguage":"de","potentialAction":[{"@type":"ReadAction","target":["https:\/\/dobrodina.sk\/en\/gdpr\/"]}]},{"@type":"ImageObject","inLanguage":"de","@id":"https:\/\/dobrodina.sk\/en\/gdpr\/#primaryimage","url":"http:\/\/dobrodina.sk\/wp-content\/uploads\/2024\/07\/Logo-Dobrodina-claim-BW-cropped.svg","contentUrl":"http:\/\/dobrodina.sk\/wp-content\/uploads\/2024\/07\/Logo-Dobrodina-claim-BW-cropped.svg"},{"@type":"BreadcrumbList","@id":"https:\/\/dobrodina.sk\/en\/gdpr\/#breadcrumb","itemListElement":[{"@type":"ListItem","position":1,"name":"Home","item":"http:\/\/dobrodina.sk\/"},{"@type":"ListItem","position":2,"name":"GDPR"}]},{"@type":"WebSite","@id":"http:\/\/dobrodina.sk\/#website","url":"http:\/\/dobrodina.sk\/","name":"Dobrodina.sk","description":"Sozialf\u00fcrsorge der Gemeinschaft","potentialAction":[{"@type":"SearchAction","target":{"@type":"EntryPoint","urlTemplate":"http:\/\/dobrodina.sk\/?s={search_term_string}"},"query-input":{"@type":"PropertyValueSpecification","valueRequired":true,"valueName":"search_term_string"}}],"inLanguage":"de"}]}},"_links":{"self":[{"href":"https:\/\/dobrodina.sk\/de\/wp-json\/wp\/v2\/pages\/730","targetHints":{"allow":["GET"]}}],"collection":[{"href":"https:\/\/dobrodina.sk\/de\/wp-json\/wp\/v2\/pages"}],"about":[{"href":"https:\/\/dobrodina.sk\/de\/wp-json\/wp\/v2\/types\/page"}],"author":[{"embeddable":true,"href":"https:\/\/dobrodina.sk\/de\/wp-json\/wp\/v2\/users\/1"}],"replies":[{"embeddable":true,"href":"https:\/\/dobrodina.sk\/de\/wp-json\/wp\/v2\/comments?post=730"}],"version-history":[{"count":6,"href":"https:\/\/dobrodina.sk\/de\/wp-json\/wp\/v2\/pages\/730\/revisions"}],"predecessor-version":[{"id":1914,"href":"https:\/\/dobrodina.sk\/de\/wp-json\/wp\/v2\/pages\/730\/revisions\/1914"}],"wp:attachment":[{"href":"https:\/\/dobrodina.sk\/de\/wp-json\/wp\/v2\/media?parent=730"}],"curies":[{"name":"wp","href":"https:\/\/api.w.org\/{rel}","templated":true}]}}